{"id":109,"date":"2026-01-20T12:59:55","date_gmt":"2026-01-20T12:59:55","guid":{"rendered":"https:\/\/veidiskolinn.is\/?page_id=109"},"modified":"2026-02-18T18:34:52","modified_gmt":"2026-02-18T18:34:52","slug":"heim","status":"publish","type":"page","link":"https:\/\/veidiskolinn.is\/","title":{"rendered":"Heim"},"content":{"rendered":"\n<div class=\"wp-block-group alignfull is-style-default is-layout-flow wp-container-core-group-is-layout-4e147205 wp-block-group-is-layout-flow\" style=\"margin-top:0;margin-bottom:0;padding-top:var(--wp--preset--spacing--50);padding-bottom:var(--wp--preset--spacing--50)\">\n<div class=\"wp-block-group alignfull is-style-default has-global-padding is-layout-constrained wp-block-group-is-layout-constrained\" style=\"margin-top:0;margin-bottom:0;padding-top:var(--wp--preset--spacing--50);padding-bottom:var(--wp--preset--spacing--50)\">\n<div class=\"wp-block-group alignwide is-layout-flow wp-block-group-is-layout-flow\">\n<div class=\"wp-block-group alignwide is-layout-flow wp-block-group-is-layout-flow\">\n<div class=\"wp-block-group is-nowrap is-layout-flex wp-container-core-group-is-layout-6c531013 wp-block-group-is-layout-flex\">\n<h2 class=\"wp-block-heading has-text-align-center wp-container-content-958eb9dc\">N\u00e1mskei\u00f0 \u00ed bo\u00f0i<\/h2>\n<\/div>\n\n\n\n<div class=\"wp-block-columns alignwide is-layout-flex wp-container-core-columns-is-layout-87beb0d0 wp-block-columns-is-layout-flex\">\n<div class=\"wp-block-column is-layout-flow wp-container-core-column-is-layout-8a368f38 wp-block-column-is-layout-flow\">\n<a href=#>\n\n\n\n<div class=\"wp-block-cover\"><img loading=\"lazy\" decoding=\"async\" width=\"768\" height=\"1024\" class=\"wp-block-cover__image-background wp-image-145 size-large\" alt=\"\" src=\"https:\/\/veidiskolinn.is\/wp-content\/uploads\/2026\/01\/615752215_4222411371305168_2158158324342616401_n-768x1024.jpg\" data-object-fit=\"cover\" srcset=\"https:\/\/veidiskolinn.is\/wp-content\/uploads\/2026\/01\/615752215_4222411371305168_2158158324342616401_n-768x1024.jpg 768w, https:\/\/veidiskolinn.is\/wp-content\/uploads\/2026\/01\/615752215_4222411371305168_2158158324342616401_n-225x300.jpg 225w, https:\/\/veidiskolinn.is\/wp-content\/uploads\/2026\/01\/615752215_4222411371305168_2158158324342616401_n.jpg 1080w\" sizes=\"auto, (max-width: 768px) 100vw, 768px\" \/><span aria-hidden=\"true\" class=\"wp-block-cover__background has-background-dim\" style=\"background-color:#73716a\"><\/span><div class=\"wp-block-cover__inner-container has-global-padding is-layout-constrained wp-block-cover-is-layout-constrained\">\n<p class=\"has-text-align-center has-large-font-size\" style=\"border-style:none;border-width:0px\">Kastn\u00e1mskei\u00f0<\/p>\n<\/div><\/div>\n\n\n\n<\/a>\n<\/div>\n\n\n\n<div class=\"wp-block-column is-layout-flow wp-container-core-column-is-layout-8a368f38 wp-block-column-is-layout-flow\">\n<a href=#>\n\n\n\n<div class=\"wp-block-cover\"><img loading=\"lazy\" decoding=\"async\" width=\"894\" height=\"1024\" class=\"wp-block-cover__image-background wp-image-18 size-large\" alt=\"\" src=\"https:\/\/veidiskolinn.is\/wp-content\/uploads\/2026\/01\/733dabd2-143f-4c9f-875c-75e4157d5692-894x1024.jpeg\" data-object-fit=\"cover\" srcset=\"https:\/\/veidiskolinn.is\/wp-content\/uploads\/2026\/01\/733dabd2-143f-4c9f-875c-75e4157d5692-894x1024.jpeg 894w, https:\/\/veidiskolinn.is\/wp-content\/uploads\/2026\/01\/733dabd2-143f-4c9f-875c-75e4157d5692-262x300.jpeg 262w, https:\/\/veidiskolinn.is\/wp-content\/uploads\/2026\/01\/733dabd2-143f-4c9f-875c-75e4157d5692-768x880.jpeg 768w, https:\/\/veidiskolinn.is\/wp-content\/uploads\/2026\/01\/733dabd2-143f-4c9f-875c-75e4157d5692-1341x1536.jpeg 1341w, https:\/\/veidiskolinn.is\/wp-content\/uploads\/2026\/01\/733dabd2-143f-4c9f-875c-75e4157d5692.jpeg 1788w\" sizes=\"auto, (max-width: 894px) 100vw, 894px\" \/><span aria-hidden=\"true\" class=\"wp-block-cover__background has-background-dim\" style=\"background-color:#2b2925\"><\/span><div class=\"wp-block-cover__inner-container has-global-padding is-layout-constrained wp-block-cover-is-layout-constrained\">\n<p class=\"has-text-align-center has-large-font-size\">Fluguhn\u00fdtingar<\/p>\n<\/div><\/div>\n\n\n\n<\/a>\n<\/div>\n\n\n\n<div class=\"wp-block-column is-layout-flow wp-container-core-column-is-layout-8a368f38 wp-block-column-is-layout-flow\">\n<a href=#>\n\n\n\n<div class=\"wp-block-cover\"><img loading=\"lazy\" decoding=\"async\" width=\"1024\" height=\"768\" class=\"wp-block-cover__image-background wp-image-146 size-large\" alt=\"\" src=\"https:\/\/veidiskolinn.is\/wp-content\/uploads\/2026\/01\/599637140_674949702277886_2775858539717933027_n-1024x768.png\" data-object-fit=\"cover\" srcset=\"https:\/\/veidiskolinn.is\/wp-content\/uploads\/2026\/01\/599637140_674949702277886_2775858539717933027_n-1024x768.png 1024w, https:\/\/veidiskolinn.is\/wp-content\/uploads\/2026\/01\/599637140_674949702277886_2775858539717933027_n-300x225.png 300w, https:\/\/veidiskolinn.is\/wp-content\/uploads\/2026\/01\/599637140_674949702277886_2775858539717933027_n-768x576.png 768w, https:\/\/veidiskolinn.is\/wp-content\/uploads\/2026\/01\/599637140_674949702277886_2775858539717933027_n-1536x1152.png 1536w, https:\/\/veidiskolinn.is\/wp-content\/uploads\/2026\/01\/599637140_674949702277886_2775858539717933027_n.png 2048w\" sizes=\"auto, (max-width: 1024px) 100vw, 1024px\" \/><span aria-hidden=\"true\" class=\"wp-block-cover__background has-background-dim\" style=\"background-color:#6f6e6c\"><\/span><div class=\"wp-block-cover__inner-container has-global-padding is-layout-constrained wp-block-cover-is-layout-constrained\">\n<p class=\"has-text-align-center has-large-font-size\">Lax- og silungsvei\u00f0in\u00e1mskei\u00f0<\/p>\n<\/div><\/div>\n\n\n\n<\/a>\n<\/div>\n<\/div>\n<\/div>\n<\/div>\n<\/div>\n\n\n\n<hr class=\"wp-block-separator has-alpha-channel-opacity\"\/>\n\n\n\n<div class=\"wp-block-group alignfull is-style-default is-vertical is-content-justification-center is-layout-flex wp-container-core-group-is-layout-3aaa1025 wp-block-group-is-layout-flex\" style=\"margin-top:0;margin-bottom:0;padding-top:var(--wp--preset--spacing--60);padding-right:var(--wp--preset--spacing--20);padding-bottom:var(--wp--preset--spacing--60);padding-left:var(--wp--preset--spacing--20)\">\n<div class=\"wp-block-group is-nowrap is-layout-flex wp-container-core-group-is-layout-6c531013 wp-block-group-is-layout-flex\">\n<h2 class=\"wp-block-heading has-text-align-left is-style-default\" style=\"padding-top:0;padding-bottom:var(--wp--preset--spacing--20)\">Um Vei\u00f0isk\u00f3lann<\/h2>\n<\/div>\n\n\n\n<div class=\"wp-block-group is-vertical is-content-justification-center is-layout-flex wp-container-core-group-is-layout-ce155fab wp-block-group-is-layout-flex\">\n<div class=\"wp-block-group has-global-padding is-content-justification-center is-layout-constrained wp-block-group-is-layout-constrained\">\n<p>Allir kennarar hj\u00e1 Vei\u00f0isk\u00f3lanum eru me\u00f0 \u00e1ratugareynslu af lei\u00f0s\u00f6gn vi\u00f0 \u00edslenskar laxvei\u00f0i\u00e1r, kastkennslu og hn\u00fdtingum.<\/p>\n\n\n\n<p>Vei\u00f0isk\u00f3linn b\u00ed\u00f0ur upp\u00e1 kastkennslu (b\u00e6\u00f0i \u00e1 ein- og tv\u00edhendur), fyrirlestra um vei\u00f0i sem og fluguhn\u00fdtingan\u00e1mskei\u00f0 fyrir byrjendur og lengra komna.<\/p>\n\n\n\n<p>Endilega hafi\u00f0 samband vi\u00f0 okkur og vi\u00f0 finnum lausan t\u00edma til a\u00f0 kenna \u00fe\u00e9r e\u00f0a \u00fe\u00ednum h\u00f3p!<\/p>\n<\/div>\n<\/div>\n<\/div>\n\n\n\n<hr class=\"wp-block-separator has-alpha-channel-opacity\"\/>\n\n\n\n<div class=\"wp-block-group alignfull has-global-padding is-content-justification-center is-layout-constrained wp-block-group-is-layout-constrained\" style=\"margin-top:0;margin-bottom:0;padding-top:var(--wp--preset--spacing--40);padding-bottom:var(--wp--preset--spacing--40)\">\n<div class=\"wp-block-group has-global-padding is-layout-constrained wp-container-core-group-is-layout-f44438b0 wp-block-group-is-layout-constrained\">\n<div class=\"wp-block-group alignwide is-vertical is-content-justification-center is-layout-flex wp-container-core-group-is-layout-ce155fab wp-block-group-is-layout-flex\">\n<h2 class=\"wp-block-heading alignwide has-text-align-center is-contact-section-name\" style=\"margin-top:0;margin-bottom:0\">Haf\u00f0u samband<\/h2>\n\n\n\n<p class=\"has-text-align-center is-contact-description\">Hafir \u00fe\u00fa spurningar um Vei\u00f0isk\u00f3lann getur \u00fe\u00fa fyllt \u00fat formi\u00f0 h\u00e9r a\u00f0 ne\u00f0an og vi\u00f0 sv\u00f6rum \u00fe\u00e9r eftir okkar bestu getu<\/p>\n<\/div>\n\n\n<div class=\"wp-block-jetpack-contact-form is-style-default is-layout-flex wp-container-jetpack-contact-form-is-layout-2b4208ba wp-block-jetpack-contact-form-is-layout-flex\"><a href=\"https:\/\/veidiskolinn.is\/\" target=\"_blank\" rel=\"noopener noreferrer\">Submit a form.<\/a><\/div><\/div>\n<\/div>\n<\/div>\n","protected":false},"excerpt":{"rendered":"<p>N\u00e1mskei\u00f0 \u00ed bo\u00f0i Um Vei\u00f0isk\u00f3lann Allir kennarar hj\u00e1 Vei\u00f0isk\u00f3lanum eru me\u00f0 \u00e1ratugareynslu af lei\u00f0s\u00f6gn vi\u00f0 \u00edslenskar laxvei\u00f0i\u00e1r, kastkennslu og hn\u00fdtingum. Vei\u00f0isk\u00f3linn b\u00ed\u00f0ur upp\u00e1 kastkennslu (b\u00e6\u00f0i \u00e1 ein- og tv\u00edhendur), fyrirlestra um vei\u00f0i sem og fluguhn\u00fdtingan\u00e1mskei\u00f0 fyrir byrjendur og lengra komna. Endilega hafi\u00f0 samband vi\u00f0 okkur og vi\u00f0 finnum lausan t\u00edma til a\u00f0 kenna \u00fe\u00e9r e\u00f0a [&hellip;]<\/p>\n","protected":false},"author":2,"featured_media":13,"parent":0,"menu_order":0,"comment_status":"closed","ping_status":"closed","template":"page-no-title","meta":{"footnotes":""},"class_list":["post-109","page","type-page","status-publish","has-post-thumbnail","hentry"],"jetpack_sharing_enabled":true,"_links":{"self":[{"href":"https:\/\/veidiskolinn.is\/index.php?rest_route=\/wp\/v2\/pages\/109","targetHints":{"allow":["GET"]}}],"collection":[{"href":"https:\/\/veidiskolinn.is\/index.php?rest_route=\/wp\/v2\/pages"}],"about":[{"href":"https:\/\/veidiskolinn.is\/index.php?rest_route=\/wp\/v2\/types\/page"}],"author":[{"embeddable":true,"href":"https:\/\/veidiskolinn.is\/index.php?rest_route=\/wp\/v2\/users\/2"}],"replies":[{"embeddable":true,"href":"https:\/\/veidiskolinn.is\/index.php?rest_route=%2Fwp%2Fv2%2Fcomments&post=109"}],"version-history":[{"count":21,"href":"https:\/\/veidiskolinn.is\/index.php?rest_route=\/wp\/v2\/pages\/109\/revisions"}],"predecessor-version":[{"id":183,"href":"https:\/\/veidiskolinn.is\/index.php?rest_route=\/wp\/v2\/pages\/109\/revisions\/183"}],"wp:featuredmedia":[{"embeddable":true,"href":"https:\/\/veidiskolinn.is\/index.php?rest_route=\/wp\/v2\/media\/13"}],"wp:attachment":[{"href":"https:\/\/veidiskolinn.is\/index.php?rest_route=%2Fwp%2Fv2%2Fmedia&parent=109"}],"curies":[{"name":"wp","href":"https:\/\/api.w.org\/{rel}","templated":true}]}}