{"id":45,"date":"2026-01-20T14:29:24","date_gmt":"2026-01-20T14:29:24","guid":{"rendered":"http:\/\/veidiskolinn.is\/?page_id=45"},"modified":"2026-01-20T21:49:28","modified_gmt":"2026-01-20T21:49:28","slug":"contact-us","status":"publish","type":"page","link":"https:\/\/veidiskolinn.is\/?page_id=45","title":{"rendered":"Hafa Samband"},"content":{"rendered":"\n<div style=\"height:72px\" aria-hidden=\"true\" class=\"wp-block-spacer\"><\/div>\n\n\n\n<div class=\"wp-block-group alignfull has-global-padding is-content-justification-center is-layout-constrained wp-block-group-is-layout-constrained\" style=\"margin-top:0;margin-bottom:0;padding-top:var(--wp--preset--spacing--40);padding-bottom:var(--wp--preset--spacing--40)\">\n<div class=\"wp-block-group has-global-padding is-layout-constrained wp-container-core-group-is-layout-f44438b0 wp-block-group-is-layout-constrained\">\n<div class=\"wp-block-group alignwide is-vertical is-content-justification-center is-layout-flex wp-container-core-group-is-layout-ce155fab wp-block-group-is-layout-flex\">\n<h2 class=\"wp-block-heading alignwide has-text-align-center is-contact-section-name\" style=\"margin-top:0;margin-bottom:0\">Haf\u00f0u samband<\/h2>\n\n\n\n<p class=\"has-text-align-center is-contact-description\">Hafir \u00fe\u00fa spurningar um Vei\u00f0isk\u00f3lann getur \u00fe\u00fa fyllt \u00fat formi\u00f0 h\u00e9r a\u00f0 ne\u00f0an og vi\u00f0 sv\u00f6rum \u00fe\u00e9r eftir okkar bestu getu<\/p>\n<\/div>\n\n\n<div class=\"wp-block-jetpack-contact-form is-style-default is-layout-flex wp-container-jetpack-contact-form-is-layout-2b4208ba wp-block-jetpack-contact-form-is-layout-flex\"><a href=\"https:\/\/veidiskolinn.is\/?page_id=45\" target=\"_blank\" rel=\"noopener noreferrer\">Submit a form.<\/a><\/div><\/div>\n<\/div>\n","protected":false},"excerpt":{"rendered":"","protected":false},"author":2,"featured_media":0,"parent":0,"menu_order":0,"comment_status":"closed","ping_status":"closed","template":"page-no-title","meta":{"footnotes":""},"class_list":["post-45","page","type-page","status-publish","hentry"],"jetpack_sharing_enabled":true,"_links":{"self":[{"href":"https:\/\/veidiskolinn.is\/index.php?rest_route=\/wp\/v2\/pages\/45","targetHints":{"allow":["GET"]}}],"collection":[{"href":"https:\/\/veidiskolinn.is\/index.php?rest_route=\/wp\/v2\/pages"}],"about":[{"href":"https:\/\/veidiskolinn.is\/index.php?rest_route=\/wp\/v2\/types\/page"}],"author":[{"embeddable":true,"href":"https:\/\/veidiskolinn.is\/index.php?rest_route=\/wp\/v2\/users\/2"}],"replies":[{"embeddable":true,"href":"https:\/\/veidiskolinn.is\/index.php?rest_route=%2Fwp%2Fv2%2Fcomments&post=45"}],"version-history":[{"count":4,"href":"https:\/\/veidiskolinn.is\/index.php?rest_route=\/wp\/v2\/pages\/45\/revisions"}],"predecessor-version":[{"id":136,"href":"https:\/\/veidiskolinn.is\/index.php?rest_route=\/wp\/v2\/pages\/45\/revisions\/136"}],"wp:attachment":[{"href":"https:\/\/veidiskolinn.is\/index.php?rest_route=%2Fwp%2Fv2%2Fmedia&parent=45"}],"curies":[{"name":"wp","href":"https:\/\/api.w.org\/{rel}","templated":true}]}}