{"id":64,"date":"2026-01-20T11:09:45","date_gmt":"2026-01-20T11:09:45","guid":{"rendered":"http:\/\/veidiskolinn.is\/?page_id=64"},"modified":"2026-02-18T18:37:34","modified_gmt":"2026-02-18T18:37:34","slug":"about-us","status":"publish","type":"page","link":"https:\/\/veidiskolinn.is\/?page_id=64","title":{"rendered":"Um okkur"},"content":{"rendered":"\n<div class=\"wp-block-group alignfull is-style-default has-global-padding is-content-justification-center is-layout-constrained wp-container-core-group-is-layout-438686ab wp-block-group-is-layout-constrained\" style=\"margin-top:0;margin-bottom:0;padding-top:var(--wp--preset--spacing--50);padding-bottom:var(--wp--preset--spacing--50)\">\n<div class=\"wp-block-columns alignwide is-layout-flex wp-container-core-columns-is-layout-f3a7ff92 wp-block-columns-is-layout-flex\">\n<div class=\"wp-block-column is-vertically-aligned-top is-layout-flow wp-container-core-column-is-layout-c6626a78 wp-block-column-is-layout-flow\" style=\"flex-basis:50%\">\n<h2 class=\"wp-block-heading has-text-align-left has-x-large-font-size\">Um vei\u00f0isk\u00f3lann<\/h2>\n<\/div>\n\n\n\n<div class=\"wp-block-column is-layout-flow wp-block-column-is-layout-flow\" style=\"flex-basis:50%\">\n<p class=\"wp-container-content-663c14dd\">Vei\u00f0isk\u00f3linn b\u00ed\u00f0ur upp \u00e1 kastkennslu (b\u00e6\u00f0i \u00e1 ein- og tv\u00edhendur), fyrirlestra um vei\u00f0i sem og fluguhn\u00fdtingan\u00e1mskei\u00f0 fyrir byrjendur og lengra komna.<\/p>\n\n\n\n<p class=\"wp-container-content-663c14dd\">Allir kennarar hj\u00e1 Vei\u00f0isk\u00f3lanum eru me\u00f0 \u00e1ratugareynslu af lei\u00f0s\u00f6gn vi\u00f0 \u00edslenskar laxvei\u00f0i\u00e1r, kastkennslu og hn\u00fdtingum.<\/p>\n<\/div>\n<\/div>\n\n\n\n<hr class=\"wp-block-separator has-alpha-channel-opacity\" style=\"margin-top:var(--wp--preset--spacing--70);margin-bottom:var(--wp--preset--spacing--70)\"\/>\n\n\n\n<h2 class=\"wp-block-heading alignfull has-text-align-center\" style=\"margin-bottom:var(--wp--preset--spacing--60)\">Lei\u00f0beinendur<\/h2>\n\n\n\n<div class=\"wp-block-columns alignwide is-layout-flex wp-container-core-columns-is-layout-f3a7ff92 wp-block-columns-is-layout-flex\">\n<div class=\"wp-block-column is-layout-flow wp-block-column-is-layout-flow\" style=\"flex-basis:40%\">\n<h2 class=\"wp-block-heading has-large-font-size\">Bjarki M\u00e1r J\u00f3hannsson<\/h2>\n\n\n\n<p>Bjarki M\u00e1r J\u00f3hannsson er reynslumikill lei\u00f0s\u00f6guma\u00f0ur me\u00f0 yfir 20 \u00e1ra starf a\u00f0 baki vi\u00f0 margar af \u00feekktustu laxvei\u00f0i\u00e1m landsins. Hann er l\u00edffr\u00e6\u00f0ingur a\u00f0 mennt og sameinar fr\u00e6\u00f0ilega \u00feekkingu og v\u00ed\u00f0t\u00e6ka reynslu \u00e1 einstakan h\u00e1tt \u00ed kennslu sinni.<\/p>\n\n\n\n<p>Bjarki mun kenna b\u00e6\u00f0i fluguhn\u00fdtingar og fluguk\u00f6st. Hann hefur s\u00e9rh\u00e6ft sig \u00ed klass\u00edskum flugum, en kennir b\u00e6\u00f0i byrjendum og lengra komnum hn\u00fdturum. Hvort sem \u00fe\u00fa ert a\u00f0 taka \u00fe\u00edn fyrstu skref \u00ed hn\u00fdtingum e\u00f0a vilt f\u00ednp\u00fassa t\u00e6kni \u00fe\u00e1 getur Bjarki a\u00f0sto\u00f0a\u00f0 \u00feig.<\/p>\n<\/div>\n\n\n\n<div class=\"wp-block-column is-layout-flow wp-block-column-is-layout-flow\">\n<figure class=\"wp-block-image size-full\"><img loading=\"lazy\" decoding=\"async\" width=\"720\" height=\"720\" src=\"https:\/\/veidiskolinn.is\/wp-content\/uploads\/2026\/01\/Bjarki_blanda.jpg\" alt=\"\" class=\"wp-image-170\" srcset=\"https:\/\/veidiskolinn.is\/wp-content\/uploads\/2026\/01\/Bjarki_blanda.jpg 720w, https:\/\/veidiskolinn.is\/wp-content\/uploads\/2026\/01\/Bjarki_blanda-300x300.jpg 300w, https:\/\/veidiskolinn.is\/wp-content\/uploads\/2026\/01\/Bjarki_blanda-150x150.jpg 150w\" sizes=\"auto, (max-width: 720px) 100vw, 720px\" \/><\/figure>\n<\/div>\n<\/div>\n\n\n\n<hr class=\"wp-block-separator has-alpha-channel-opacity\"\/>\n\n\n\n<div class=\"wp-block-columns alignwide is-layout-flex wp-container-core-columns-is-layout-f3a7ff92 wp-block-columns-is-layout-flex\">\n<div class=\"wp-block-column is-layout-flow wp-block-column-is-layout-flow\" style=\"flex-basis:40%\">\n<h2 class=\"wp-block-heading has-large-font-size\">Reynir Fri\u00f0riksson<\/h2>\n\n\n\n<p>Reynir hefur starfa\u00f0 sem lei\u00f0s\u00f6guma\u00f0ur \u00ed t\u00e6p 30 \u00e1r og er jafnv\u00edgur b\u00e6\u00f0i \u00ed lax og silungsvei\u00f0i og hefur hann me\u00f0al annars lei\u00f0sagt \u00ed m\u00f6rgum helstu lax og silungssv\u00e6\u00f0um h\u00e9r \u00e1 landi \u00e1samt \u00fev\u00ed a\u00f0 fara me\u00f0 h\u00f3pa til Gr\u00e6nlands.<\/p>\n\n\n\n<p>Reynir er sj\u00e1var\u00fatvegsfr\u00e6\u00f0ingur a\u00f0 mennt og hefur s\u00ed\u00f0ustu \u00e1r veri\u00f0 einn af a\u00f0al kennurum vi\u00f0 n\u00e1m Fer\u00f0am\u00e1lask\u00f3lans \u00ed vei\u00f0ilei\u00f0s\u00f6gn. Undanfarin 20 \u00e1r hefur Reynir kennt k\u00f6st b\u00e6\u00f0i \u00e1 einhendu og tv\u00edhendu jafnt fyrir byrjendur og lengra komna.<\/p>\n<\/div>\n\n\n\n<div class=\"wp-block-column is-layout-flow wp-block-column-is-layout-flow\">\n<figure class=\"wp-block-image size-large\"><img loading=\"lazy\" decoding=\"async\" width=\"768\" height=\"1024\" src=\"https:\/\/veidiskolinn.is\/wp-content\/uploads\/2026\/01\/reynir-768x1024.jpg\" alt=\"\" class=\"wp-image-171\" style=\"aspect-ratio:1;object-fit:cover\" srcset=\"https:\/\/veidiskolinn.is\/wp-content\/uploads\/2026\/01\/reynir-768x1024.jpg 768w, https:\/\/veidiskolinn.is\/wp-content\/uploads\/2026\/01\/reynir-225x300.jpg 225w, https:\/\/veidiskolinn.is\/wp-content\/uploads\/2026\/01\/reynir-1152x1536.jpg 1152w, https:\/\/veidiskolinn.is\/wp-content\/uploads\/2026\/01\/reynir.jpg 1536w\" sizes=\"auto, (max-width: 768px) 100vw, 768px\" \/><\/figure>\n<\/div>\n<\/div>\n\n\n\n<hr class=\"wp-block-separator has-alpha-channel-opacity\"\/>\n\n\n\n<div class=\"wp-block-columns alignwide is-layout-flex wp-container-core-columns-is-layout-f3a7ff92 wp-block-columns-is-layout-flex\">\n<div class=\"wp-block-column is-layout-flow wp-block-column-is-layout-flow\" style=\"flex-basis:40%\">\n<h2 class=\"wp-block-heading has-large-font-size\">J\u00f3hannes Hinriksson<\/h2>\n\n\n\n<p>J\u00f3hannes hefur starfa\u00f0 vi\u00f0 stangvei\u00f0i meira og minna \u00ed t\u00e6pa \u00ferj\u00e1 \u00e1ratugi. \u00d6ll \u00e1rin sem lei\u00f0s\u00f6guma\u00f0ur \u00e1 sumrin, a\u00f0alega vi\u00f0 laxvei\u00f0ar en einnig silungsvei\u00f0ar.<\/p>\n\n\n\n<p>J\u00f3hannes hefur einnig teki\u00f0 \u00fe\u00e1tt \u00ed a\u00f0 leigja og reka lax og silungsvei\u00f0i \u00e1r um langt skei\u00f0.<\/p>\n\n\n\n<p>Hann hefur skipulagt vei\u00f0ifer\u00f0ir fyrir einstaklinga\/h\u00f3pa b\u00e6\u00f0i \u00e1 \u00cdslandi og erlendis t.d. til Noregs, Skotlands, \u00cdrlands og J\u00f3laeyja.<\/p>\n\n\n\n<p>\u00cd m\u00f6rg \u00e1r hefur hann \u00fej\u00e1lfa\u00f0 lei\u00f0s\u00f6gumenn og kennt vei\u00f0im\u00f6nnum fluguvei\u00f0ar \u00e1samt \u00f6llu sem \u00fev\u00ed tengist.<\/p>\n<\/div>\n\n\n\n<div class=\"wp-block-column is-layout-flow wp-block-column-is-layout-flow\">\n<figure class=\"wp-block-image size-large\"><img loading=\"lazy\" decoding=\"async\" width=\"768\" height=\"1024\" src=\"https:\/\/veidiskolinn.is\/wp-content\/uploads\/2026\/01\/joi-768x1024.jpg\" alt=\"\" class=\"wp-image-172\" srcset=\"https:\/\/veidiskolinn.is\/wp-content\/uploads\/2026\/01\/joi-768x1024.jpg 768w, https:\/\/veidiskolinn.is\/wp-content\/uploads\/2026\/01\/joi-225x300.jpg 225w, https:\/\/veidiskolinn.is\/wp-content\/uploads\/2026\/01\/joi-1152x1536.jpg 1152w, https:\/\/veidiskolinn.is\/wp-content\/uploads\/2026\/01\/joi.jpg 1536w\" sizes=\"auto, (max-width: 768px) 100vw, 768px\" \/><\/figure>\n<\/div>\n<\/div>\n<\/div>\n","protected":false},"excerpt":{"rendered":"<p>Um vei\u00f0isk\u00f3lann Vei\u00f0isk\u00f3linn b\u00ed\u00f0ur upp \u00e1 kastkennslu (b\u00e6\u00f0i \u00e1 ein- og tv\u00edhendur), fyrirlestra um vei\u00f0i sem og fluguhn\u00fdtingan\u00e1mskei\u00f0 fyrir byrjendur og lengra komna. Allir kennarar hj\u00e1 Vei\u00f0isk\u00f3lanum eru me\u00f0 \u00e1ratugareynslu af lei\u00f0s\u00f6gn vi\u00f0 \u00edslenskar laxvei\u00f0i\u00e1r, kastkennslu og hn\u00fdtingum. Lei\u00f0beinendur Bjarki M\u00e1r J\u00f3hannsson Bjarki M\u00e1r J\u00f3hannsson er reynslumikill lei\u00f0s\u00f6guma\u00f0ur me\u00f0 yfir 20 \u00e1ra starf a\u00f0 baki [&hellip;]<\/p>\n","protected":false},"author":2,"featured_media":0,"parent":0,"menu_order":1,"comment_status":"closed","ping_status":"closed","template":"page-no-banner","meta":{"footnotes":""},"class_list":["post-64","page","type-page","status-publish","hentry"],"jetpack_sharing_enabled":true,"_links":{"self":[{"href":"https:\/\/veidiskolinn.is\/index.php?rest_route=\/wp\/v2\/pages\/64","targetHints":{"allow":["GET"]}}],"collection":[{"href":"https:\/\/veidiskolinn.is\/index.php?rest_route=\/wp\/v2\/pages"}],"about":[{"href":"https:\/\/veidiskolinn.is\/index.php?rest_route=\/wp\/v2\/types\/page"}],"author":[{"embeddable":true,"href":"https:\/\/veidiskolinn.is\/index.php?rest_route=\/wp\/v2\/users\/2"}],"replies":[{"embeddable":true,"href":"https:\/\/veidiskolinn.is\/index.php?rest_route=%2Fwp%2Fv2%2Fcomments&post=64"}],"version-history":[{"count":9,"href":"https:\/\/veidiskolinn.is\/index.php?rest_route=\/wp\/v2\/pages\/64\/revisions"}],"predecessor-version":[{"id":224,"href":"https:\/\/veidiskolinn.is\/index.php?rest_route=\/wp\/v2\/pages\/64\/revisions\/224"}],"wp:attachment":[{"href":"https:\/\/veidiskolinn.is\/index.php?rest_route=%2Fwp%2Fv2%2Fmedia&parent=64"}],"curies":[{"name":"wp","href":"https:\/\/api.w.org\/{rel}","templated":true}]}}